{"id":4735,"date":"2025-02-17T17:34:15","date_gmt":"2025-02-17T20:34:15","guid":{"rendered":"https:\/\/sibgrapi.sbc.org.br\/2025\/?page_id=4735"},"modified":"2025-09-03T20:40:17","modified_gmt":"2025-09-03T23:40:17","slug":"registration","status":"publish","type":"page","link":"https:\/\/sibgrapi.sbc.org.br\/2025\/index.php\/registration\/","title":{"rendered":"Registration"},"content":{"rendered":"\t\t<div data-elementor-type=\"wp-page\" data-elementor-id=\"4735\" class=\"elementor elementor-4735\">\n\t\t\t\t<div class=\"elementor-element elementor-element-200fcb4 e-flex e-con-boxed e-con e-parent\" data-id=\"200fcb4\" data-element_type=\"container\" data-e-type=\"container\" data-settings=\"{&quot;background_background&quot;:&quot;classic&quot;}\">\n\t\t\t\t\t<div class=\"e-con-inner\">\n\t\t\t\t<div class=\"elementor-element elementor-element-600ee1c elementor-widget elementor-widget-heading\" data-id=\"600ee1c\" data-element_type=\"widget\" data-e-type=\"widget\" data-widget_type=\"heading.default\">\n\t\t\t\t<div class=\"elementor-widget-container\">\n\t\t\t\t\t<h2 class=\"elementor-heading-title elementor-size-default\">Registration<\/h2>\t\t\t\t<\/div>\n\t\t\t\t<\/div>\n\t\t\t\t<div class=\"elementor-element elementor-element-1209745 elementor-align-center elementor-widget__width-inherit elementor-widget elementor-widget-button\" data-id=\"1209745\" data-element_type=\"widget\" data-e-type=\"widget\" data-widget_type=\"button.default\">\n\t\t\t\t<div class=\"elementor-widget-container\">\n\t\t\t\t\t\t\t\t\t<div class=\"elementor-button-wrapper\">\n\t\t\t\t\t<a class=\"elementor-button elementor-button-link elementor-size-sm\" href=\"https:\/\/centraldesistemas.sbc.org.br\/ecos\/sbgames_sibgrapi_svr2025\" target=\"_blank\">\n\t\t\t\t\t\t<span class=\"elementor-button-content-wrapper\">\n\t\t\t\t\t\t\t\t\t<span class=\"elementor-button-text\">Sign up<\/span>\n\t\t\t\t\t<\/span>\n\t\t\t\t\t<\/a>\n\t\t\t\t<\/div>\n\t\t\t\t\t\t\t\t<\/div>\n\t\t\t\t<\/div>\n\t\t\t\t<div class=\"elementor-element elementor-element-4fcdb71 elementor-widget elementor-widget-text-editor\" data-id=\"4fcdb71\" data-element_type=\"widget\" data-e-type=\"widget\" data-widget_type=\"text-editor.default\">\n\t\t\t\t<div class=\"elementor-widget-container\">\n\t\t\t\t\t\t\t\t\t<p>This event is hosted by the Brazilian Computer Society \u2013 SBC, which is a civil, non-profit association that encourages technological and scientific development in Brazil and is the largest computing society in South America.<\/p><p>Registration fees for SIBGRAPI are listed below. We emphasize that students and professionals who are not members of SBC or IEEE can join (or renew the membership) of SBC in the in the registration process, or IEEE previous to registration. Signing up with combo SBC membership is the less expensive option for non-SBC or IEEE members, besides we also encourage to join IEEE Computer Society, which is a little more expensive but will give you discount as well. Check out the benefits of joining\u00a0SBC\u00a0or\u00a0IEEE. Notice that combo (or solely) registrations for also participating in SVR or SBGAMES also gives discount for ACM members.<\/p>\t\t\t\t\t\t\t\t<\/div>\n\t\t\t\t<\/div>\n\t\t\t\t<div class=\"elementor-element elementor-element-510b463 elementor-widget elementor-widget-heading\" data-id=\"510b463\" data-element_type=\"widget\" data-e-type=\"widget\" data-widget_type=\"heading.default\">\n\t\t\t\t<div class=\"elementor-widget-container\">\n\t\t\t\t\t<h2 class=\"elementor-heading-title elementor-size-default\">Registration Benefits<\/h2>\t\t\t\t<\/div>\n\t\t\t\t<\/div>\n\t\t\t\t<div class=\"elementor-element elementor-element-d70f4d0 elementor-widget elementor-widget-text-editor\" data-id=\"d70f4d0\" data-element_type=\"widget\" data-e-type=\"widget\" data-widget_type=\"text-editor.default\">\n\t\t\t\t<div class=\"elementor-widget-container\">\n\t\t\t\t\t\t\t\t\t<p>Registered participants will get a certificate and will also have access to all sessions of the event and the proceedings of the conference.<\/p>\t\t\t\t\t\t\t\t<\/div>\n\t\t\t\t<\/div>\n\t\t\t\t<div class=\"elementor-element elementor-element-247f4c9 elementor-widget elementor-widget-heading\" data-id=\"247f4c9\" data-element_type=\"widget\" data-e-type=\"widget\" data-widget_type=\"heading.default\">\n\t\t\t\t<div class=\"elementor-widget-container\">\n\t\t\t\t\t<h2 class=\"elementor-heading-title elementor-size-default\">Checking the Chosen Category<\/h2>\t\t\t\t<\/div>\n\t\t\t\t<\/div>\n\t\t\t\t<div class=\"elementor-element elementor-element-5423c7e elementor-widget elementor-widget-text-editor\" data-id=\"5423c7e\" data-element_type=\"widget\" data-e-type=\"widget\" data-widget_type=\"text-editor.default\">\n\t\t\t\t<div class=\"elementor-widget-container\">\n\t\t\t\t\t\t\t\t\t<p>At the time of registration in the ECOS system, for categories that need some type of proof, the upload that certifies the chosen category will be required. Verification of this document can take up to 2 business day. Therefore, we suggest that, in order to prevent any inconvenience, participants should avoid last-minute registration (e.g. in the last day of the registration period). Only after validation by the SBC team, payment methods will be released. The registrant will receive informative emails in all stages of the registration in SIBGRAPI.<\/p><p>Registrations without discount can be made until the last day of the event.<\/p>\t\t\t\t\t\t\t\t<\/div>\n\t\t\t\t<\/div>\n\t\t\t\t<div class=\"elementor-element elementor-element-a28a8b8 elementor-widget elementor-widget-heading\" data-id=\"a28a8b8\" data-element_type=\"widget\" data-e-type=\"widget\" data-widget_type=\"heading.default\">\n\t\t\t\t<div class=\"elementor-widget-container\">\n\t\t\t\t\t<h2 class=\"elementor-heading-title elementor-size-default\">Registration for authors<\/h2>\t\t\t\t<\/div>\n\t\t\t\t<\/div>\n\t\t\t\t<div class=\"elementor-element elementor-element-4f5515b elementor-widget elementor-widget-text-editor\" data-id=\"4f5515b\" data-element_type=\"widget\" data-e-type=\"widget\" data-widget_type=\"text-editor.default\">\n\t\t\t\t<div class=\"elementor-widget-container\">\n\t\t\t\t\t\t\t\t\t<p>For accepted publications in the Main Track, Tutorials, GRSL, and C&amp;G Tracks,\u00a0at least 1 (one) author must be registered as Professional\u00a0and paid the registration fee for the event. The authors of Main and Tutorial tracks\u00a0must also pay the publication fee for each accepted paper. Further, all presenting authors need to be registered to the conference, and, for all tracks but the above ones, the general policy is to have at least one author with registration paid for each presenting paper, which will give access to the conference and cover the publication of the paper in the Sol Library of Brazilian Computer Society.<\/p>\t\t\t\t\t\t\t\t<\/div>\n\t\t\t\t<\/div>\n\t\t\t\t<div class=\"elementor-element elementor-element-f9a7301 elementor-widget elementor-widget-heading\" data-id=\"f9a7301\" data-element_type=\"widget\" data-e-type=\"widget\" data-widget_type=\"heading.default\">\n\t\t\t\t<div class=\"elementor-widget-container\">\n\t\t\t\t\t<h2 class=\"elementor-heading-title elementor-size-default\">Forms of Payment<\/h2>\t\t\t\t<\/div>\n\t\t\t\t<\/div>\n\t\t\t\t<div class=\"elementor-element elementor-element-8835cc2 elementor-widget elementor-widget-text-editor\" data-id=\"8835cc2\" data-element_type=\"widget\" data-e-type=\"widget\" data-widget_type=\"text-editor.default\">\n\t\t\t\t<div class=\"elementor-widget-container\">\n\t\t\t\t\t\t\t\t\t<p>Registration payment can be made by bank slip (\u201cboleto banc\u00e1rio\u201d), credit card, debit in Banco do Brasil account, commitment note, and billing, through the SBC registration system, however payments by debit and bank slip (boleto banc\u00e1rio) will be closed on\u00a0September 30th, 2024. After that date it will be possible to pay only by credit card, commitment note, and billing through the registration system.<\/p>\t\t\t\t\t\t\t\t<\/div>\n\t\t\t\t<\/div>\n\t\t\t\t<div class=\"elementor-element elementor-element-ecef010 elementor-widget elementor-widget-heading\" data-id=\"ecef010\" data-element_type=\"widget\" data-e-type=\"widget\" data-widget_type=\"heading.default\">\n\t\t\t\t<div class=\"elementor-widget-container\">\n\t\t\t\t\t<h2 class=\"elementor-heading-title elementor-size-default\">Registrations by Commitment Note and Billing<\/h2>\t\t\t\t<\/div>\n\t\t\t\t<\/div>\n\t\t\t\t<div class=\"elementor-element elementor-element-a75515f elementor-widget elementor-widget-text-editor\" data-id=\"a75515f\" data-element_type=\"widget\" data-e-type=\"widget\" data-widget_type=\"text-editor.default\">\n\t\t\t\t<div class=\"elementor-widget-container\">\n\t\t\t\t\t\t\t\t\t<p>The participant must access the ECOS system and make the registration, selecting the form of payment \u201ccommitment note\u201d or \u201cbilling\u201d and clicking on pay. The system will provide the necessary information that must appear in the commitment note or billing request.<\/p>\t\t\t\t\t\t\t\t<\/div>\n\t\t\t\t<\/div>\n\t\t\t\t<div class=\"elementor-element elementor-element-98afadb elementor-widget elementor-widget-heading\" data-id=\"98afadb\" data-element_type=\"widget\" data-e-type=\"widget\" data-widget_type=\"heading.default\">\n\t\t\t\t<div class=\"elementor-widget-container\">\n\t\t\t\t\t<h2 class=\"elementor-heading-title elementor-size-default\">Why join SBC, IEEE, or ACM?<\/h2>\t\t\t\t<\/div>\n\t\t\t\t<\/div>\n\t\t\t\t<div class=\"elementor-element elementor-element-201cee0 elementor-widget elementor-widget-text-editor\" data-id=\"201cee0\" data-element_type=\"widget\" data-e-type=\"widget\" data-widget_type=\"text-editor.default\">\n\t\t\t\t<div class=\"elementor-widget-container\">\n\t\t\t\t\t\t\t\t\t<div class=\"elementor-element elementor-element-3a502e3 elementor-widget elementor-widget-text-editor\" data-id=\"3a502e3\" data-element_type=\"widget\" data-widget_type=\"text-editor.default\"><div class=\"elementor-widget-container\"><p>Joining a Scientific Society is a way to make them even stronger in order to represent our area of activity in the various sectors. How about joining us? Other reasons to be a Society member are:<\/p><ul><li>Access to the\u00a0Eduroam\u00a0wireless network (only for individuals);<\/li><li>Access to\u00a0RNP\u2019s FileSender;<\/li><li>Discount on registration for more than\u00a040 events held\u00a0annually by SBC, and more than 2,000 (IEEE) and 170 (ACM) that are held worldwide;<\/li><li>Discount of at least 15% in registration for supported events;<\/li><li>Differentiated registration fee at\u00a0POSCOMP;<\/li><li>Access to studies carried out by SBC, IEEE, ACM, and destined for public or private bodies, expressing the Society\u2019s political positions.<\/li><li>Check the specific benefits of each category on their web pages:\u00a0SBC, IEEE, and ACM.<\/li><\/ul><\/div><\/div><div class=\"elementor-element elementor-element-0e2379f elementor-widget elementor-widget-text-editor\" data-id=\"0e2379f\" data-element_type=\"widget\" data-widget_type=\"text-editor.default\"><div class=\"elementor-widget-container\"><p>This event is hosted by the Brazilian Computer Society \u2013 SBC, which is a civil, non-profit association that encourages technological and scientific development in Brazil and is the largest computing society in South America.<\/p><p>Registration fees for SIBGRAPI are listed below. We emphasize that students and professionals who are not members of SBC or IEEE can join (or renew the membership) of SBC in the in the registration process, or IEEE previous to registration. Signing up with combo SBC membership is the less expensive option for non-SBC or IEEE members, besides we also encourage to join IEEE Computer Society, which is a little more expensive but will give you discount as well. Check out the benefits of joining\u00a0SBC\u00a0or\u00a0IEEE. Notice that combo (or solely) registrations for also participating in SVR or SBGAMES also gives discount for ACM members.<\/p><\/div><\/div>\t\t\t\t\t\t\t\t<\/div>\n\t\t\t\t<\/div>\n\t\t<div class=\"elementor-element elementor-element-46ecac9 e-con-full e-flex e-con e-child\" data-id=\"46ecac9\" data-element_type=\"container\" data-e-type=\"container\">\n\t\t\t\t<div class=\"elementor-element elementor-element-40c2eed elementor-widget elementor-widget-heading\" data-id=\"40c2eed\" data-element_type=\"widget\" data-e-type=\"widget\" data-widget_type=\"heading.default\">\n\t\t\t\t<div class=\"elementor-widget-container\">\n\t\t\t\t\t<h5 class=\"elementor-heading-title elementor-size-default\">Prices Table<\/h5>\t\t\t\t<\/div>\n\t\t\t\t<\/div>\n\t\t\t\t<div class=\"elementor-element elementor-element-8b9a991 elementor-widget elementor-widget-text-editor\" data-id=\"8b9a991\" data-element_type=\"widget\" data-e-type=\"widget\" data-widget_type=\"text-editor.default\">\n\t\t\t\t<div class=\"elementor-widget-container\">\n\t\t\t\t\t\t\t\t\t<table dir=\"ltr\" border=\"1\" cellspacing=\"0\" cellpadding=\"0\" data-sheets-root=\"1\" data-sheets-baot=\"1\"><colgroup> <col width=\"100\" \/> <col width=\"100\" \/> <col width=\"100\" \/> <col width=\"100\" \/><\/colgroup><tbody><tr><td colspan=\"1\" rowspan=\"2\"><span style=\"color: #6ad621;\">Category<\/span><\/td><td colspan=\"3\" rowspan=\"1\"><span style=\"color: #6ad621;\">Price Range &#8211; Date Period&#8217;s<\/span><\/td><\/tr><tr><td>1st Registration Period<br \/>From: <span style=\"color: #6ad621;\">June 1, 2025<\/span><br \/>to: <span style=\"color: #6ad621;\">September 15, 2025<\/span><\/td><td>3rd Registration Period<br \/>From: <span style=\"color: #6ad621;\">September 16, 2025<\/span><br \/>To: <span style=\"color: #6ad621;\">October 3, 2025<\/span><\/td><td>Annuity<\/td><\/tr><tr><td>Estudante associado \u00e0 SBC com anuidade vigente<\/td><td>R$ 136,00<\/td><td>R$ 176,80<\/td><td>&#8211;<\/td><\/tr><tr><td>Estudante associado \u00e0 SBC com anuidade vencendo em at\u00e9 90 dias (COMBO: inscri\u00e7\u00e3o no evento + renova\u00e7\u00e3o da associa\u00e7\u00e3o \u00e0 SBC)<\/td><td>R$ 136,00<\/td><td>R$ 176,80<\/td><td>R$ 33,00<\/td><\/tr><tr><td>Estudante n\u00e3o associado ou com associa\u00e7\u00e3o n\u00e3o vigente \u00e0 SBC (COMBO: inscri\u00e7\u00e3o no evento + associa\u00e7\u00e3o \u00e0 SBC)<\/td><td>R$ 136,00<\/td><td>R$ 176,80<\/td><td>R$ 33,00<\/td><\/tr><tr><td>Estudante n\u00e3o associado \u00e0 SBC (Somente inscri\u00e7\u00e3o no evento)<\/td><td>R$ 183,00<\/td><td>R$ 228,00<\/td><td>&#8211;<\/td><\/tr><tr><td>Estudante de p\u00f3s-gradua\u00e7\u00e3o associado \u00e0 SBC com anuidade vigente<\/td><td>R$ 172,00<\/td><td>R$ 223,60<\/td><td>&#8211;<\/td><\/tr><tr><td>Estudante de p\u00f3s-gradua\u00e7\u00e3o associado \u00e0 SBC com anuidade vencendo em at\u00e9 90 dias (COMBO: inscri\u00e7\u00e3o no evento + renova\u00e7\u00e3o da associa\u00e7\u00e3o \u00e0 SBC)<\/td><td>R$ 172,00<\/td><td>R$ 223,60<\/td><td>R$ 135,00<\/td><\/tr><tr><td>Estudante de p\u00f3s-gradua\u00e7\u00e3o n\u00e3o associado ou com associa\u00e7\u00e3o n\u00e3o vigente \u00e0 SBC (COMBO inscri\u00e7\u00e3o no evento + associa\u00e7\u00e3o \u00e0 SBC)<\/td><td>R$ 172,00<\/td><td>R$ 223,60<\/td><td>R$ 135,00<\/td><\/tr><tr><td>Estudante de p\u00f3s-gradua\u00e7\u00e3o n\u00e3o associado \u00e0 SBC (Somente inscri\u00e7\u00e3o no evento)<\/td><td>R$ 325,00<\/td><td>R$ 381,00<\/td><td>&#8211;<\/td><\/tr><tr><td>Professor de Educa\u00e7\u00e3o B\u00e1sica Municipal\/Estadual associado \u00e0 SBC com anuidade vigente<\/td><td>R$ 136,00<\/td><td>R$ 176,80<\/td><td>&#8211;<\/td><\/tr><tr><td>Professor de Educa\u00e7\u00e3o B\u00e1sica Municipal\/Estadual associado \u00e0 SBC com anuidade vencendo em at\u00e9 90 dias (COMBO: inscri\u00e7\u00e3o no evento + renova\u00e7\u00e3o da associa\u00e7\u00e3o \u00e0 SBC)<\/td><td>R$ 136,00<\/td><td>R$ 176,80<\/td><td>R$ 135,00<\/td><\/tr><tr><td>Professor de Educa\u00e7\u00e3o B\u00e1sica Municipal\/Estadual n\u00e3o associado ou com associa\u00e7\u00e3o n\u00e3o vigente \u00e0 SBC (COMBO: inscri\u00e7\u00e3o no evento + associa\u00e7\u00e3o \u00e0 SBC)<\/td><td>R$ 136,00<\/td><td>R$ 176,80<\/td><td>R$ 135,00<\/td><\/tr><tr><td>Professor de Educa\u00e7\u00e3o B\u00e1sica Municipal\/Estadual n\u00e3o associado \u00e0 SBC (Somente inscri\u00e7\u00e3o no evento)<\/td><td>R$ 285,00<\/td><td>R$ 330,00<\/td><td>&#8211;<\/td><\/tr><tr><td>Professor de Educa\u00e7\u00e3o B\u00e1sica Federal associado \u00e0 SBC com anuidade vigente<\/td><td>R$ 136,00<\/td><td>R$ 136,00<\/td><td>&#8211;<\/td><\/tr><tr><td>Professor de Educa\u00e7\u00e3o B\u00e1sica Federal associado \u00e0 SBC com anuidade vencendo em at\u00e9 90 dias (COMBO: inscri\u00e7\u00e3o no evento + renova\u00e7\u00e3o da associa\u00e7\u00e3o \u00e0 SBC)<\/td><td>R$ 136,00<\/td><td>R$ 136,00<\/td><td>R$ 370,00<\/td><\/tr><tr><td>Professor de Educa\u00e7\u00e3o B\u00e1sica Federal n\u00e3o associado ou com associa\u00e7\u00e3o n\u00e3o vigente \u00e0 SBC (COMBO: inscri\u00e7\u00e3o no evento + associa\u00e7\u00e3o \u00e0 SBC)<\/td><td>R$ 136,00<\/td><td>R$ 136,00<\/td><td>R$ 370,00<\/td><\/tr><tr><td>Professor de Educa\u00e7\u00e3o B\u00e1sica Federal n\u00e3o associado \u00e0 SBC (Somente inscri\u00e7\u00e3o no evento)<\/td><td>R$ 520,00<\/td><td>R$ 520,00<\/td><td>&#8211;<\/td><\/tr><tr><td>Profissional associado \u00e0 SBC com anuidade vigente<\/td><td>R$ 500,00<\/td><td>R$ 650,00<\/td><td>&#8211;<\/td><\/tr><tr><td>Profissional associado \u00e0 SBC com anuidade vencendo em at\u00e9 90 dias (COMBO: inscri\u00e7\u00e3o no evento + renova\u00e7\u00e3o da associa\u00e7\u00e3o \u00e0 SBC)<\/td><td>R$ 500,00<\/td><td>R$ 650,00<\/td><td>R$ 375,00<\/td><\/tr><tr><td>Profissional n\u00e3o associado ou com associa\u00e7\u00e3o n\u00e3o vigente \u00e0 SBC (COMBO: inscri\u00e7\u00e3o no evento + associa\u00e7\u00e3o \u00e0 SBC)<\/td><td>R$ 500,00<\/td><td>R$ 650,00<\/td><td>R$ 375,00<\/td><\/tr><tr><td>Profissional n\u00e3o associado \u00e0 SBC (Somente inscri\u00e7\u00e3o no evento)<\/td><td>R$ 925,00<\/td><td>R$ 1.090,00<\/td><td>&#8211;<\/td><\/tr><tr><td>Professor de Educa\u00e7\u00e3o B\u00e1sica (categoria antiga) associado \u00e0 SBC com anuidade vigente<\/td><td>R$ 136,00<\/td><td>R$ 176,80<\/td><td>&#8211;<\/td><\/tr><\/tbody><\/table>\t\t\t\t\t\t\t\t<\/div>\n\t\t\t\t<\/div>\n\t\t\t\t<\/div>\n\t\t\t\t\t<\/div>\n\t\t\t\t<\/div>\n\t\t\t\t<\/div>\n\t\t","protected":false},"excerpt":{"rendered":"<p>Registration Sign up This event is hosted by the Brazilian Computer Society \u2013 SBC, which is a civil, non-profit association [&hellip;]<\/p>\n","protected":false},"author":3,"featured_media":0,"parent":0,"menu_order":0,"comment_status":"closed","ping_status":"closed","template":"","meta":{"site-sidebar-layout":"no-sidebar","site-content-layout":"","ast-site-content-layout":"full-width-container","site-content-style":"default","site-sidebar-style":"default","ast-global-header-display":"","ast-banner-title-visibility":"","ast-main-header-display":"","ast-hfb-above-header-display":"","ast-hfb-below-header-display":"","ast-hfb-mobile-header-display":"","site-post-title":"","ast-breadcrumbs-content":"","ast-featured-img":"disabled","footer-sml-layout":"","ast-disable-related-posts":"","theme-transparent-header-meta":"","adv-header-id-meta":"","stick-header-meta":"","header-above-stick-meta":"","header-main-stick-meta":"","header-below-stick-meta":"","astra-migrate-meta-layouts":"default","ast-page-background-enabled":"default","ast-page-background-meta":{"desktop":{"background-color":"var(--ast-global-color-4)","background-image":"","background-repeat":"repeat","background-position":"center center","background-size":"auto","background-attachment":"scroll","background-type":"","background-media":"","overlay-type":"","overlay-color":"","overlay-opacity":"","overlay-gradient":""},"tablet":{"background-color":"","background-image":"","background-repeat":"repeat","background-position":"center center","background-size":"auto","background-attachment":"scroll","background-type":"","background-media":"","overlay-type":"","overlay-color":"","overlay-opacity":"","overlay-gradient":""},"mobile":{"background-color":"","background-image":"","background-repeat":"repeat","background-position":"center center","background-size":"auto","background-attachment":"scroll","background-type":"","background-media":"","overlay-type":"","overlay-color":"","overlay-opacity":"","overlay-gradient":""}},"ast-content-background-meta":{"desktop":{"background-color":"var(--ast-global-color-5)","background-image":"","background-repeat":"repeat","background-position":"center center","background-size":"auto","background-attachment":"scroll","background-type":"","background-media":"","overlay-type":"","overlay-color":"","overlay-opacity":"","overlay-gradient":""},"tablet":{"background-color":"var(--ast-global-color-5)","background-image":"","background-repeat":"repeat","background-position":"center center","background-size":"auto","background-attachment":"scroll","background-type":"","background-media":"","overlay-type":"","overlay-color":"","overlay-opacity":"","overlay-gradient":""},"mobile":{"background-color":"var(--ast-global-color-5)","background-image":"","background-repeat":"repeat","background-position":"center center","background-size":"auto","background-attachment":"scroll","background-type":"","background-media":"","overlay-type":"","overlay-color":"","overlay-opacity":"","overlay-gradient":""}},"footnotes":""},"class_list":["post-4735","page","type-page","status-publish","hentry"],"_links":{"self":[{"href":"https:\/\/sibgrapi.sbc.org.br\/2025\/index.php\/wp-json\/wp\/v2\/pages\/4735","targetHints":{"allow":["GET"]}}],"collection":[{"href":"https:\/\/sibgrapi.sbc.org.br\/2025\/index.php\/wp-json\/wp\/v2\/pages"}],"about":[{"href":"https:\/\/sibgrapi.sbc.org.br\/2025\/index.php\/wp-json\/wp\/v2\/types\/page"}],"author":[{"embeddable":true,"href":"https:\/\/sibgrapi.sbc.org.br\/2025\/index.php\/wp-json\/wp\/v2\/users\/3"}],"replies":[{"embeddable":true,"href":"https:\/\/sibgrapi.sbc.org.br\/2025\/index.php\/wp-json\/wp\/v2\/comments?post=4735"}],"version-history":[{"count":34,"href":"https:\/\/sibgrapi.sbc.org.br\/2025\/index.php\/wp-json\/wp\/v2\/pages\/4735\/revisions"}],"predecessor-version":[{"id":5330,"href":"https:\/\/sibgrapi.sbc.org.br\/2025\/index.php\/wp-json\/wp\/v2\/pages\/4735\/revisions\/5330"}],"wp:attachment":[{"href":"https:\/\/sibgrapi.sbc.org.br\/2025\/index.php\/wp-json\/wp\/v2\/media?parent=4735"}],"curies":[{"name":"wp","href":"https:\/\/api.w.org\/{rel}","templated":true}]}}