{"id":3546,"date":"2024-10-07T19:23:52","date_gmt":"2024-10-07T19:23:52","guid":{"rendered":"https:\/\/sibgrapi.sbc.org.br\/2024\/?page_id=3546"},"modified":"2024-10-09T20:05:43","modified_gmt":"2024-10-09T20:05:43","slug":"awards","status":"publish","type":"page","link":"https:\/\/sibgrapi.sbc.org.br\/2024\/awards\/","title":{"rendered":"Awards"},"content":{"rendered":"\t\t<div data-elementor-type=\"wp-page\" data-elementor-id=\"3546\" class=\"elementor elementor-3546\">\n\t\t\t\t<div class=\"elementor-element elementor-element-6d8244ac e-con-full e-flex wpr-particle-no wpr-jarallax-no wpr-parallax-no wpr-sticky-section-no e-con e-parent\" data-id=\"6d8244ac\" data-element_type=\"container\" data-e-type=\"container\" data-settings=\"{&quot;background_background&quot;:&quot;classic&quot;}\">\n\t\t\t\t<div class=\"elementor-element elementor-element-659f4146 elementor-widget__width-inherit elementor-widget elementor-widget-heading\" data-id=\"659f4146\" data-element_type=\"widget\" data-e-type=\"widget\" data-widget_type=\"heading.default\">\n\t\t\t\t<div class=\"elementor-widget-container\">\n\t\t\t\t\t<h2 class=\"elementor-heading-title elementor-size-default\">Awards<\/h2>\t\t\t\t<\/div>\n\t\t\t\t<\/div>\n\t\t\t\t<\/div>\n\t\t<div class=\"elementor-element elementor-element-a2d3726 e-flex e-con-boxed wpr-particle-no wpr-jarallax-no wpr-parallax-no wpr-sticky-section-no e-con e-parent\" data-id=\"a2d3726\" data-element_type=\"container\" data-e-type=\"container\" data-settings=\"{&quot;background_background&quot;:&quot;classic&quot;}\">\n\t\t\t\t\t<div class=\"e-con-inner\">\n\t\t<div class=\"elementor-element elementor-element-fb36626 e-con-full e-flex wpr-particle-no wpr-jarallax-no wpr-parallax-no wpr-sticky-section-no e-con e-child\" data-id=\"fb36626\" data-element_type=\"container\" data-e-type=\"container\" data-settings=\"{&quot;background_background&quot;:&quot;classic&quot;}\">\n\t\t<div class=\"elementor-element elementor-element-80e4291 e-flex e-con-boxed wpr-particle-no wpr-jarallax-no wpr-parallax-no wpr-sticky-section-no e-con e-child\" data-id=\"80e4291\" data-element_type=\"container\" data-e-type=\"container\" data-settings=\"{&quot;background_background&quot;:&quot;classic&quot;}\">\n\t\t\t\t\t<div class=\"e-con-inner\">\n\t\t\t\t<div class=\"elementor-element elementor-element-2df6980 elementor-widget__width-initial elementor-widget elementor-widget-text-editor\" data-id=\"2df6980\" data-element_type=\"widget\" data-e-type=\"widget\" data-widget_type=\"text-editor.default\">\n\t\t\t\t<div class=\"elementor-widget-container\">\n\t\t\t\t\t\t\t\t\t<h3 style=\"text-align: center;\"><b>Workshop of Undergraduate Works<\/b><\/h3><p style=\"text-align: center;\"><b>BEST PAPER<\/b><\/p><p style=\"text-align: center;\"><span style=\"font-weight: 400;\">TransferAttn: Transferable-guided Attention for Video Domain Adaptation<\/span><\/p><p style=\"text-align: center;\"><span style=\"font-weight: 400;\">Andr\u00e9 Sacilotti, Nicu Sebe, and Jurandy Almeida<\/span><\/p><p style=\"text-align: center;\"><b>HONORABLE MENTION<\/b><\/p><p style=\"text-align: center;\"><span style=\"font-weight: 400;\">Hyperspectral and Multispectral Image Fusion Using 3D Wavelet Transforms<\/span><\/p><p style=\"text-align: center;\"><span style=\"font-weight: 400;\">Eduardo R. Coelho and Denis Fantinato<\/span><\/p><p style=\"text-align: center;\"><b>HONORABLE MENTION<\/b><\/p><p style=\"text-align: center;\"><span style=\"font-weight: 400;\">Identifica\u00e7\u00e3o de pr\u00f3teses em imagens odontol\u00f3gicas: evitando imagens ionizantes com o uso de informa\u00e7\u00f5es hiperespectrais<\/span><\/p><p style=\"text-align: center;\"><span style=\"font-weight: 400;\">Felipe H. K. Inazumi and Leticia Rittner<\/span><\/p>\t\t\t\t\t\t\t\t<\/div>\n\t\t\t\t<\/div>\n\t\t\t\t<div class=\"elementor-element elementor-element-546474f elementor-widget-divider--view-line elementor-widget elementor-widget-divider\" data-id=\"546474f\" data-element_type=\"widget\" data-e-type=\"widget\" data-widget_type=\"divider.default\">\n\t\t\t\t<div class=\"elementor-widget-container\">\n\t\t\t\t\t\t\t<div class=\"elementor-divider\">\n\t\t\t<span class=\"elementor-divider-separator\">\n\t\t\t\t\t\t<\/span>\n\t\t<\/div>\n\t\t\t\t\t\t<\/div>\n\t\t\t\t<\/div>\n\t\t\t\t<div class=\"elementor-element elementor-element-de47e68 elementor-widget__width-initial elementor-widget elementor-widget-text-editor\" data-id=\"de47e68\" data-element_type=\"widget\" data-e-type=\"widget\" data-widget_type=\"text-editor.default\">\n\t\t\t\t<div class=\"elementor-widget-container\">\n\t\t\t\t\t\t\t\t\t<h3 style=\"text-align: center;\"><b>Workshop of Works in Progress<\/b><\/h3><p style=\"text-align: center;\"><b>BEST PAPER<\/b><\/p><p style=\"text-align: center;\"><span style=\"font-weight: 400;\">Desenvolvimento de um Modelo Convolucional Leve para Identifica\u00e7\u00e3o de Doen\u00e7as Foliares<\/span><\/p><p style=\"text-align: center;\"><span style=\"font-weight: 400;\">Roney Nogueira de Sousa, Saulo Anderson Freitas Oliveira, and Pedro Pedrosa Rebou\u00e7as Filho<\/span><\/p><p style=\"text-align: center;\"><b>HONORABLE MENTION<\/b><\/p><p style=\"text-align: center;\"><span style=\"font-weight: 400;\">Video cropping using salience maps: a case study on a sidewalk dataset<\/span><\/p><p style=\"text-align: center;\"><span style=\"font-weight: 400;\">Suayder M. Costa, Rafael J. P. Damaceno, and Roberto M. Cesar Jr.<\/span><\/p><p style=\"text-align: center;\"><b>HONORABLE MENTION<\/b><\/p><p style=\"text-align: center;\"><span style=\"font-weight: 400;\">Enhancing Vehicle Identification in Challenging Conditions Through Fine-Grained Classification<\/span><\/p><p style=\"text-align: center;\"><span style=\"font-weight: 400;\">Eduardo Santos, Gabriel E. Lima, Rayson Laroca, Eduil Nascimento Jr., and David Menotti<\/span><\/p>\t\t\t\t\t\t\t\t<\/div>\n\t\t\t\t<\/div>\n\t\t\t\t<div class=\"elementor-element elementor-element-57c8201 elementor-widget-divider--view-line elementor-widget elementor-widget-divider\" data-id=\"57c8201\" data-element_type=\"widget\" data-e-type=\"widget\" data-widget_type=\"divider.default\">\n\t\t\t\t<div class=\"elementor-widget-container\">\n\t\t\t\t\t\t\t<div class=\"elementor-divider\">\n\t\t\t<span class=\"elementor-divider-separator\">\n\t\t\t\t\t\t<\/span>\n\t\t<\/div>\n\t\t\t\t\t\t<\/div>\n\t\t\t\t<\/div>\n\t\t\t\t<div class=\"elementor-element elementor-element-9b5bf23 elementor-widget__width-initial elementor-widget elementor-widget-text-editor\" data-id=\"9b5bf23\" data-element_type=\"widget\" data-e-type=\"widget\" data-widget_type=\"text-editor.default\">\n\t\t\t\t<div class=\"elementor-widget-container\">\n\t\t\t\t\t\t\t\t\t<h3 style=\"text-align: center;\"><b>Workshop of Theses and Dissertations<\/b><\/h3><p style=\"text-align: center;\"><b>Master&#8217;s Dissertations<\/b><\/p><p style=\"text-align: center;\"><b>BEST MASTER&#8217;S DISSERTATION<\/b><\/p><p style=\"text-align: center;\"><span style=\"font-weight: 400;\">3D Human Pose Estimation Based on Monocular RGB Images and Domain Adaptation<\/span><\/p><p style=\"text-align: center;\"><span style=\"font-weight: 400;\">Jo\u00e3o Renato Ribeiro Manesco, Stefano Berretti, and Aparecido Nilceu Marana<\/span><\/p><p style=\"text-align: center;\"><b>HONORABLE MENTION<\/b><\/p><p style=\"text-align: center;\"><span style=\"font-weight: 400;\">Hierarchical Graph Neural Networks Based on Multi-Scale Image Representations<\/span><\/p><p style=\"text-align: center;\"><span style=\"font-weight: 400;\">Jo\u00e3o Pedro Oliveira Batisteli and Zenilton Patroc\u00ednio Jr.<\/span><\/p><p style=\"text-align: center;\"><b>Doctoral Theses<\/b><\/p><p style=\"text-align: center;\"><b>BEST DOCTORAL THESIS<\/b><\/p><p style=\"text-align: center;\"><span style=\"font-weight: 400;\">Text-driven Video Acceleration<\/span><\/p><p style=\"text-align: center;\"><span style=\"font-weight: 400;\">Washington L. S. Ramos, Leandro Soriano Marcolino, and Erickson R. Nascimento<\/span><\/p><p style=\"text-align: center;\"><b>HONORABLE MENTION<\/b><\/p><p style=\"text-align: center;\"><span style=\"font-weight: 400;\">Pseudo Labeling and Classification of High-Dimensional Data using Visual Analytics<\/span><\/p><p style=\"text-align: center;\"><span style=\"font-weight: 400;\">Barbara C. Benato, Alexandru Telea, and Alexandre Xavier Falc\u00e3o<\/span><\/p>\t\t\t\t\t\t\t\t<\/div>\n\t\t\t\t<\/div>\n\t\t\t\t<div class=\"elementor-element elementor-element-d961eb0 elementor-widget-divider--view-line elementor-widget elementor-widget-divider\" data-id=\"d961eb0\" data-element_type=\"widget\" data-e-type=\"widget\" data-widget_type=\"divider.default\">\n\t\t\t\t<div class=\"elementor-widget-container\">\n\t\t\t\t\t\t\t<div class=\"elementor-divider\">\n\t\t\t<span class=\"elementor-divider-separator\">\n\t\t\t\t\t\t<\/span>\n\t\t<\/div>\n\t\t\t\t\t\t<\/div>\n\t\t\t\t<\/div>\n\t\t\t\t<div class=\"elementor-element elementor-element-8846d2f elementor-widget__width-initial elementor-widget elementor-widget-text-editor\" data-id=\"8846d2f\" data-element_type=\"widget\" data-e-type=\"widget\" data-widget_type=\"text-editor.default\">\n\t\t\t\t<div class=\"elementor-widget-container\">\n\t\t\t\t\t\t\t\t\t<h3 style=\"text-align: center;\"><b>Main Track<\/b><\/h3><p style=\"text-align: center;\"><b>Pattern Recognition and Related Fields<\/b><\/p><p style=\"text-align: center;\"><b>BEST PAPER<\/b><\/p><p style=\"text-align: center;\"><span style=\"font-weight: 400;\">Improving Local Latent Fingerprint Representations under Data Constraints<\/span><\/p><p style=\"text-align: center;\"><span style=\"font-weight: 400;\">Andr\u00e9 N\u00f3brega, Ilan Theodoro, Pascual Figueroa, and Alexandre Falc\u00e3o<\/span><\/p><p style=\"text-align: center;\"><b>HONORABLE MENTION<\/b><\/p><p style=\"text-align: center;\"><span style=\"font-weight: 400;\">Unsupervised Video Skimming with Adaptive Hierarchical Shot Detection<\/span><\/p><p style=\"text-align: center;\"><span style=\"font-weight: 400;\">Leonardo Vilela Cardoso, July F. M. Werneck, Silvio Jamil F. Guimar\u00e3es, and Zenilton K. G. Patroc\u00ednio Jr.<\/span><\/p><p style=\"text-align: center;\"><b>HONORABLE MENTION<\/b><\/p><p style=\"text-align: center;\"><span style=\"font-weight: 400;\">Using Neural Networks for Fast Roughness Estimation in SAR Images with Scarce Data<\/span><\/p><p style=\"text-align: center;\"><span style=\"font-weight: 400;\">Li Fan and Jeov\u00e1 Farias Sales Rocha Neto<\/span><\/p><p style=\"text-align: center;\"><b>Computer Graphics and Visualization<\/b><\/p><p style=\"text-align: center;\"><b>BEST PAPER<\/b><\/p><p style=\"text-align: center;\"><span style=\"font-weight: 400;\">A visual methodology to assess spatial graph vertex ordering algorithms<\/span><\/p><p style=\"text-align: center;\"><span style=\"font-weight: 400;\">Karelia Salinas, Victor Barella, Thales Vieira, and Luis Gustavo Nonato<\/span><\/p><p style=\"text-align: center;\"><b>HONORABLE MENTION<\/b><\/p><p style=\"text-align: center;\"><span style=\"font-weight: 400;\">ARPOV: Expanding Visualization of Object Detection in AR with Panoramic Mosaic Stitching<\/span><\/p><p style=\"text-align: center;\"><span style=\"font-weight: 400;\">Erin McGowan, Ethan Brewer, and Claudio Silva<\/span><\/p><p style=\"text-align: center;\"><b>HONORABLE MENTION<\/b><\/p><p style=\"text-align: center;\"><span style=\"font-weight: 400;\">Space-Time Urban Explorer: A Visual Tool for Exploring Spatiotemporal Crime and Patrolling Data<\/span><\/p><p style=\"text-align: center;\"><span style=\"font-weight: 400;\">Tiago Paulino Santos, Jo\u00e3o Matheus Siqueira Souza, Thales Vieira, and Luis Gustavo Nonato<\/span><\/p>\t\t\t\t\t\t\t\t<\/div>\n\t\t\t\t<\/div>\n\t\t\t\t<div class=\"elementor-element elementor-element-3725e35 elementor-widget-divider--view-line elementor-widget elementor-widget-divider\" data-id=\"3725e35\" data-element_type=\"widget\" data-e-type=\"widget\" data-widget_type=\"divider.default\">\n\t\t\t\t<div class=\"elementor-widget-container\">\n\t\t\t\t\t\t\t<div class=\"elementor-divider\">\n\t\t\t<span class=\"elementor-divider-separator\">\n\t\t\t\t\t\t<\/span>\n\t\t<\/div>\n\t\t\t\t\t\t<\/div>\n\t\t\t\t<\/div>\n\t\t\t\t<div class=\"elementor-element elementor-element-5c4d767 elementor-widget__width-initial elementor-widget elementor-widget-text-editor\" data-id=\"5c4d767\" data-element_type=\"widget\" data-e-type=\"widget\" data-widget_type=\"text-editor.default\">\n\t\t\t\t<div class=\"elementor-widget-container\">\n\t\t\t\t\t\t\t\t\t<h3 style=\"text-align: center;\"><b>SIBGRAPI 2024 &#8211; Awards<\/b><\/h3>\n<p style=\"text-align: center;\"><b>Pattern Recognition Letters Special Section<\/b><\/p>\n<p style=\"text-align: center;\"><span style=\"font-weight: 400;\">SIBGRAPI 2024 announces the selection of the three <\/span><b>Best Papers on Pattern Recognition and Related Fields<\/b><span style=\"font-weight: 400;\"> from the <\/span><b>Main Track<\/b><span style=\"font-weight: 400;\">. Authors of the selected papers, according to the General and Program Chairs, may be invited to provide an extended version of their work, to be published in a <\/span><b>Special Section of the Pattern Recognition Letters<\/b><span style=\"font-weight: 400;\"> journal, following the instructions available at <a href=\"https:\/\/www.sciencedirect.com\/journal\/pattern-recognition-letters\">https:\/\/www.sciencedirect.com\/journal\/pattern-recognition-letters.<\/a><\/span><\/p>\t\t\t\t\t\t\t\t<\/div>\n\t\t\t\t<\/div>\n\t\t\t\t\t<\/div>\n\t\t\t\t<\/div>\n\t\t\t\t<\/div>\n\t\t\t\t\t<\/div>\n\t\t\t\t<\/div>\n\t\t\t\t<\/div>\n\t\t","protected":false},"excerpt":{"rendered":"<p>Awards Workshop of Undergraduate Works BEST PAPER TransferAttn: Transferable-guided Attention for Video Domain Adaptation Andr\u00e9 Sacilotti, Nicu Sebe, and Jurandy Almeida HONORABLE MENTION Hyperspectral and Multispectral Image Fusion Using 3D Wavelet Transforms Eduardo R. Coelho and Denis Fantinato HONORABLE MENTION Identifica\u00e7\u00e3o de pr\u00f3teses em imagens odontol\u00f3gicas: evitando imagens ionizantes com o uso de informa\u00e7\u00f5es hiperespectrais Felipe H. K. Inazumi and Leticia Rittner Workshop of Works in Progress BEST PAPER Desenvolvimento de um Modelo Convolucional Leve para Identifica\u00e7\u00e3o de Doen\u00e7as Foliares Roney Nogueira de Sousa, Saulo Anderson Freitas Oliveira, and Pedro Pedrosa Rebou\u00e7as Filho HONORABLE MENTION Video cropping using salience maps: a case study on a sidewalk dataset Suayder M. Costa, Rafael J. P. Damaceno, and Roberto M. Cesar Jr. HONORABLE MENTION Enhancing Vehicle Identification in Challenging Conditions Through Fine-Grained Classification Eduardo Santos, Gabriel E. Lima, Rayson Laroca, Eduil Nascimento Jr., and David Menotti Workshop of Theses and Dissertations Master&#8217;s Dissertations BEST MASTER&#8217;S DISSERTATION 3D Human Pose Estimation Based on Monocular RGB Images and Domain Adaptation Jo\u00e3o Renato Ribeiro Manesco, Stefano Berretti, and Aparecido Nilceu Marana HONORABLE MENTION Hierarchical Graph Neural Networks Based on Multi-Scale Image Representations Jo\u00e3o Pedro Oliveira Batisteli and Zenilton Patroc\u00ednio Jr. Doctoral Theses BEST DOCTORAL THESIS Text-driven Video Acceleration Washington L. S. Ramos, Leandro Soriano Marcolino, and Erickson R. Nascimento HONORABLE MENTION Pseudo Labeling and Classification of High-Dimensional Data using Visual Analytics Barbara C. Benato, Alexandru Telea, and Alexandre Xavier Falc\u00e3o Main Track Pattern Recognition and Related Fields BEST PAPER Improving Local Latent Fingerprint Representations under Data Constraints Andr\u00e9 N\u00f3brega, Ilan Theodoro, Pascual Figueroa, and Alexandre Falc\u00e3o HONORABLE MENTION Unsupervised Video Skimming with Adaptive Hierarchical Shot Detection Leonardo Vilela Cardoso, July F. M. Werneck, Silvio Jamil F. Guimar\u00e3es, and Zenilton K. G. Patroc\u00ednio Jr. HONORABLE MENTION Using Neural Networks for Fast Roughness Estimation in SAR Images with Scarce Data Li Fan and Jeov\u00e1 Farias Sales Rocha Neto Computer Graphics and Visualization BEST PAPER A visual methodology to assess spatial graph vertex ordering algorithms Karelia Salinas, Victor Barella, Thales Vieira, and Luis Gustavo Nonato HONORABLE MENTION ARPOV: Expanding Visualization of Object Detection in AR with Panoramic Mosaic Stitching Erin McGowan, Ethan Brewer, and Claudio Silva HONORABLE MENTION Space-Time Urban Explorer: A Visual Tool for Exploring Spatiotemporal Crime and Patrolling Data Tiago Paulino Santos, Jo\u00e3o Matheus Siqueira Souza, Thales Vieira, and Luis Gustavo Nonato SIBGRAPI 2024 &#8211; Awards Pattern Recognition Letters Special Section SIBGRAPI 2024 announces the selection of the three Best Papers on Pattern Recognition and Related Fields from the Main Track. Authors of the selected papers, according to the General and Program Chairs, may be invited to provide an extended version of their work, to be published in a Special Section of the Pattern Recognition Letters journal, following the instructions available at https:\/\/www.sciencedirect.com\/journal\/pattern-recognition-letters.<\/p>\n","protected":false},"author":3,"featured_media":0,"parent":0,"menu_order":0,"comment_status":"closed","ping_status":"closed","template":"","meta":{"site-sidebar-layout":"no-sidebar","site-content-layout":"","ast-site-content-layout":"full-width-container","site-content-style":"default","site-sidebar-style":"default","ast-global-header-display":"","ast-banner-title-visibility":"","ast-main-header-display":"","ast-hfb-above-header-display":"","ast-hfb-below-header-display":"","ast-hfb-mobile-header-display":"","site-post-title":"disabled","ast-breadcrumbs-content":"","ast-featured-img":"disabled","footer-sml-layout":"","ast-disable-related-posts":"","theme-transparent-header-meta":"","adv-header-id-meta":"","stick-header-meta":"","header-above-stick-meta":"","header-main-stick-meta":"","header-below-stick-meta":"","astra-migrate-meta-layouts":"default","ast-page-background-enabled":"default","ast-page-background-meta":{"desktop":{"background-color":"var(--ast-global-color-4)","background-image":"","background-repeat":"repeat","background-position":"center center","background-size":"auto","background-attachment":"scroll","background-type":"","background-media":"","overlay-type":"","overlay-color":"","overlay-opacity":"","overlay-gradient":""},"tablet":{"background-color":"","background-image":"","background-repeat":"repeat","background-position":"center center","background-size":"auto","background-attachment":"scroll","background-type":"","background-media":"","overlay-type":"","overlay-color":"","overlay-opacity":"","overlay-gradient":""},"mobile":{"background-color":"","background-image":"","background-repeat":"repeat","background-position":"center center","background-size":"auto","background-attachment":"scroll","background-type":"","background-media":"","overlay-type":"","overlay-color":"","overlay-opacity":"","overlay-gradient":""}},"ast-content-background-meta":{"desktop":{"background-color":"var(--ast-global-color-5)","background-image":"","background-repeat":"repeat","background-position":"center center","background-size":"auto","background-attachment":"scroll","background-type":"","background-media":"","overlay-type":"","overlay-color":"","overlay-opacity":"","overlay-gradient":""},"tablet":{"background-color":"var(--ast-global-color-5)","background-image":"","background-repeat":"repeat","background-position":"center center","background-size":"auto","background-attachment":"scroll","background-type":"","background-media":"","overlay-type":"","overlay-color":"","overlay-opacity":"","overlay-gradient":""},"mobile":{"background-color":"var(--ast-global-color-5)","background-image":"","background-repeat":"repeat","background-position":"center center","background-size":"auto","background-attachment":"scroll","background-type":"","background-media":"","overlay-type":"","overlay-color":"","overlay-opacity":"","overlay-gradient":""}},"footnotes":""},"class_list":["post-3546","page","type-page","status-publish","hentry"],"_links":{"self":[{"href":"https:\/\/sibgrapi.sbc.org.br\/2024\/wp-json\/wp\/v2\/pages\/3546","targetHints":{"allow":["GET"]}}],"collection":[{"href":"https:\/\/sibgrapi.sbc.org.br\/2024\/wp-json\/wp\/v2\/pages"}],"about":[{"href":"https:\/\/sibgrapi.sbc.org.br\/2024\/wp-json\/wp\/v2\/types\/page"}],"author":[{"embeddable":true,"href":"https:\/\/sibgrapi.sbc.org.br\/2024\/wp-json\/wp\/v2\/users\/3"}],"replies":[{"embeddable":true,"href":"https:\/\/sibgrapi.sbc.org.br\/2024\/wp-json\/wp\/v2\/comments?post=3546"}],"version-history":[{"count":19,"href":"https:\/\/sibgrapi.sbc.org.br\/2024\/wp-json\/wp\/v2\/pages\/3546\/revisions"}],"predecessor-version":[{"id":3566,"href":"https:\/\/sibgrapi.sbc.org.br\/2024\/wp-json\/wp\/v2\/pages\/3546\/revisions\/3566"}],"wp:attachment":[{"href":"https:\/\/sibgrapi.sbc.org.br\/2024\/wp-json\/wp\/v2\/media?parent=3546"}],"curies":[{"name":"wp","href":"https:\/\/api.w.org\/{rel}","templated":true}]}}